{"id":5818,"date":"2019-03-04T16:10:31","date_gmt":"2019-03-04T16:10:31","guid":{"rendered":"https:\/\/manelscooter.com\/politica-de-privadesa\/"},"modified":"2023-03-21T10:41:23","modified_gmt":"2023-03-21T10:41:23","slug":"politica-de-privadesa","status":"publish","type":"page","link":"https:\/\/manelscooter.com\/ca\/politica-de-privadesa\/","title":{"rendered":"Pol\u00edtica de privadesa"},"content":{"rendered":"\t\t<div data-elementor-type=\"wp-page\" data-elementor-id=\"5818\" class=\"elementor elementor-5818 elementor-603\">\n\t\t\t\t\t\t<section class=\"elementor-section elementor-top-section elementor-element elementor-element-1732a707 elementor-section-boxed elementor-section-height-default elementor-section-height-default\" data-id=\"1732a707\" data-element_type=\"section\" data-settings=\"{&quot;jet_parallax_layout_list&quot;:[]}\">\n\t\t\t\t\t\t<div class=\"elementor-container elementor-column-gap-default\">\n\t\t\t\t\t<div class=\"elementor-column elementor-col-100 elementor-top-column elementor-element elementor-element-6e4c3583\" data-id=\"6e4c3583\" data-element_type=\"column\">\n\t\t\t<div class=\"elementor-widget-wrap elementor-element-populated\">\n\t\t\t\t\t\t<div class=\"elementor-element elementor-element-db3554d elementor-widget elementor-widget-templines-heading\" data-id=\"db3554d\" data-element_type=\"widget\" data-widget_type=\"templines-heading.default\">\n\t\t\t\t<div class=\"elementor-widget-container\">\n\t\t\t<div class=\"c-heading c-heading--large c-heading--center\"><span class=\"c-heading__inner\">Pol\u00edtica de privadesa<\/span><\/div>\t\t<\/div>\n\t\t\t\t<\/div>\n\t\t\t\t<div class=\"elementor-element elementor-element-3e1c878 elementor-widget elementor-widget-heading\" data-id=\"3e1c878\" data-element_type=\"widget\" data-widget_type=\"heading.default\">\n\t\t\t\t<div class=\"elementor-widget-container\">\n\t\t\t<style>\/*! elementor - v3.19.0 - 05-02-2024 *\/\n.elementor-heading-title{padding:0;margin:0;line-height:1}.elementor-widget-heading .elementor-heading-title[class*=elementor-size-]>a{color:inherit;font-size:inherit;line-height:inherit}.elementor-widget-heading .elementor-heading-title.elementor-size-small{font-size:15px}.elementor-widget-heading .elementor-heading-title.elementor-size-medium{font-size:19px}.elementor-widget-heading .elementor-heading-title.elementor-size-large{font-size:29px}.elementor-widget-heading .elementor-heading-title.elementor-size-xl{font-size:39px}.elementor-widget-heading .elementor-heading-title.elementor-size-xxl{font-size:59px}<\/style><h2 class=\"elementor-heading-title elementor-size-default\">Informaci\u00f3 general i dades de contacte<\/h2>\t\t<\/div>\n\t\t\t\t<\/div>\n\t\t\t\t<div class=\"elementor-element elementor-element-cae6660 elementor-widget elementor-widget-text-editor\" data-id=\"cae6660\" data-element_type=\"widget\" data-widget_type=\"text-editor.default\">\n\t\t\t\t<div class=\"elementor-widget-container\">\n\t\t\t<style>\/*! elementor - v3.19.0 - 05-02-2024 *\/\n.elementor-widget-text-editor.elementor-drop-cap-view-stacked .elementor-drop-cap{background-color:#69727d;color:#fff}.elementor-widget-text-editor.elementor-drop-cap-view-framed .elementor-drop-cap{color:#69727d;border:3px solid;background-color:transparent}.elementor-widget-text-editor:not(.elementor-drop-cap-view-default) .elementor-drop-cap{margin-top:8px}.elementor-widget-text-editor:not(.elementor-drop-cap-view-default) .elementor-drop-cap-letter{width:1em;height:1em}.elementor-widget-text-editor .elementor-drop-cap{float:left;text-align:center;line-height:1;font-size:50px}.elementor-widget-text-editor .elementor-drop-cap-letter{display:inline-block}<\/style>\t\t\t\t<p>Li donem la benvinguda a manelscooter.com, titularitat de Sostenibilidad sobre ruedas S.L., amb C.I.F. B-09898958, domicili social a Carrer Infanta 40 codi postal 07702, Mah\u00f3 (Menorca) oa l&#8217;adre\u00e7a de correu electr\u00f2nic: <a href=\"mailto:info@manelscooter.com\"><strong>info@manelscooter.com<\/strong><\/a>, on atenem sol\u00b7licituds d&#8217;informaci\u00f3 addicional sobre els nostres serveis, aix\u00ed com sobre les nostres pr\u00e0ctiques de privadesa i protecci\u00f3 de dades personals. Si voleu indicar-nos un suggeriment relacionat amb el nostre lloc web o informar-nos sobre errors tipogr\u00e0fics, ortogr\u00e0fics o enlla\u00e7os perduts del nostre lloc web, podeu escriure a aquesta mateixa adre\u00e7a de correu.<\/p>\n\t\t\t\t\t\t<\/div>\n\t\t\t\t<\/div>\n\t\t\t\t<div class=\"elementor-element elementor-element-5372d14 elementor-widget elementor-widget-heading\" data-id=\"5372d14\" data-element_type=\"widget\" data-widget_type=\"heading.default\">\n\t\t\t\t<div class=\"elementor-widget-container\">\n\t\t\t<h2 class=\"elementor-heading-title elementor-size-default\">Objecte i acceptaci\u00f3<\/h2>\t\t<\/div>\n\t\t\t\t<\/div>\n\t\t\t\t<div class=\"elementor-element elementor-element-3fdf681 elementor-widget elementor-widget-text-editor\" data-id=\"3fdf681\" data-element_type=\"widget\" data-widget_type=\"text-editor.default\">\n\t\t\t\t<div class=\"elementor-widget-container\">\n\t\t\t\t\t\t\t<p>El present text (d&#8217;ara endavant, la pol\u00edtica de privadesa) regula tant la recollida com el tractament de les dades de car\u00e0cter personal que ens faciliti mitjan\u00e7ant correu electr\u00f2nic o formularis del lloc web, per la qual cosa quan visita el mateix com a usuari o client (d&#8217;ara endavant, l&#8217;usuari) queda autom\u00e0ticament vinculat al compliment d&#8217;aquesta pol\u00edtica de privadesa, fet que suposa i implica que ha llegit, compr\u00e8n i accepta, sense limitacions ni reserves, els avisos legals disponibles en aquest lloc web, incl\u00f2s el text de les condicions generals de manelscooter.com, per la qual cosa us recomanem que els llegiu quan accediu al lloc web.<\/p>\n<p>Des de manelscooter.com ens reservem el dret a modificar la present pol\u00edtica de privadesa en qualsevol moment, per aix\u00f2 que el text pot haver patit modificacions quan torneu a accedir al lloc web. Aquesta pol\u00edtica de privadesa, aix\u00ed com qualsevol altre av\u00eds legal i les modificacions dels mateixos, s\u00f3n plenament vigents a partir de la seva publicaci\u00f3 al lloc web, per la qual cosa com a usuari li donem la possibilitat d&#8217;imprimir-los i emmagatzemar-los.<\/p>\n\t\t\t\t\t\t<\/div>\n\t\t\t\t<\/div>\n\t\t\t\t<div class=\"elementor-element elementor-element-667b78f elementor-widget elementor-widget-heading\" data-id=\"667b78f\" data-element_type=\"widget\" data-widget_type=\"heading.default\">\n\t\t\t\t<div class=\"elementor-widget-container\">\n\t\t\t<h2 class=\"elementor-heading-title elementor-size-default\">Objecte i acceptaci\u00f3<\/h2>\t\t<\/div>\n\t\t\t\t<\/div>\n\t\t\t\t<div class=\"elementor-element elementor-element-583bfa0 elementor-widget elementor-widget-text-editor\" data-id=\"583bfa0\" data-element_type=\"widget\" data-widget_type=\"text-editor.default\">\n\t\t\t\t<div class=\"elementor-widget-container\">\n\t\t\t\t\t\t\t<p>L&#8217;informem com a usuari que les dades personals que volunt\u00e0riament ens faciliti quedaran incorporades per al seu tractament en fitxers titularitat de manelscooter.com<\/p>\n<p>La recollida de les seves dades de car\u00e0cter personal per part de manelscooter.com \u00fanicament es duu a terme per a la tramitaci\u00f3, gesti\u00f3 i, si escau, facturaci\u00f3 del servei sol\u00b7licitat, mitjan\u00e7ant la creaci\u00f3 del compte d&#8217;usuari registrat al qual podr\u00e0 accedir a trav\u00e9s del lloc web, sent conservats pel per\u00edode de temps estrictament necessari a efectes impositius.<\/p>\n<p>ManelScooter vetllar\u00e0 per l&#8217;exactitud i veracitat de les dades de car\u00e0cter personal recollides, per la qual cosa, per iniciativa pr\u00f2pia oa sol\u00b7licitud de l&#8217;usuari, emplenar, rectificar o esborrar tota dada personal que sigui incompleta, inexacta o antiquat.<\/p>\n<p>Les persones menors de 18 anys no podran facilitar cap informaci\u00f3 a ManelScooter sense l&#8217;autoritzaci\u00f3 del seu pare, mare o tutor legal, ni podr\u00e0 contractar sense aquesta autoritzaci\u00f3, tret que ho permeti la normativa vigent.<\/p>\n\t\t\t\t\t\t<\/div>\n\t\t\t\t<\/div>\n\t\t\t\t<div class=\"elementor-element elementor-element-8b45b00 elementor-widget elementor-widget-heading\" data-id=\"8b45b00\" data-element_type=\"widget\" data-widget_type=\"heading.default\">\n\t\t\t\t<div class=\"elementor-widget-container\">\n\t\t\t<h2 class=\"elementor-heading-title elementor-size-default\">Normativa aplicable<\/h2>\t\t<\/div>\n\t\t\t\t<\/div>\n\t\t\t\t<div class=\"elementor-element elementor-element-adfdbcb elementor-widget elementor-widget-text-editor\" data-id=\"adfdbcb\" data-element_type=\"widget\" data-widget_type=\"text-editor.default\">\n\t\t\t\t<div class=\"elementor-widget-container\">\n\t\t\t\t\t\t\t<p>Des de ManelScooter us informem com a usuari que tant el tractament de les vostres dades de car\u00e0cter personal com l&#8217;enviament de les nostres comunicacions comercials per via electr\u00f2nica es troben ajustats al que assenyala la Llei org\u00e0nica 15\/1999, de 13 de desembre, de protecci\u00f3 de dades de car\u00e0cter personal i en la llei 34\/2002, de l&#8217;11 de juliol, de serveis de la societat de la informaci\u00f3 i de comer\u00e7 electr\u00f2nic.<\/p>\n\t\t\t\t\t\t<\/div>\n\t\t\t\t<\/div>\n\t\t\t\t<div class=\"elementor-element elementor-element-e291c5e elementor-widget elementor-widget-heading\" data-id=\"e291c5e\" data-element_type=\"widget\" data-widget_type=\"heading.default\">\n\t\t\t\t<div class=\"elementor-widget-container\">\n\t\t\t<h2 class=\"elementor-heading-title elementor-size-default\">Mesures de seguretat<\/h2>\t\t<\/div>\n\t\t\t\t<\/div>\n\t\t\t\t<div class=\"elementor-element elementor-element-40af060 elementor-widget elementor-widget-text-editor\" data-id=\"40af060\" data-element_type=\"widget\" data-widget_type=\"text-editor.default\">\n\t\t\t\t<div class=\"elementor-widget-container\">\n\t\t\t\t\t\t\t<p>De conformitat amb el que estableix el Reial decret 1720\/2007, de 21 de desembre, pel qual s&#8217;aprova el reglament de desenvolupament de la llei org\u00e0nica 15\/1999 de 13 de desembre, sobre les mesures de seguretat dels fitxers automatitzats que continguin dades de car\u00e0cter personal, us informem que a ManelScooter hem adoptat les oportunes mesures d&#8217;\u00edndole t\u00e8cnica i organitzativa que garanteixen la seguretat de les vostres dades personals, a fi d&#8217;evitar la seva alteraci\u00f3, p\u00e8rdua, tractament o acc\u00e9s no autoritzat, tenint en compte el estat de la tecnologia, la naturalesa de les dades emmagatzemades, aix\u00ed com els riscos a qu\u00e8 aquests estan exposats.<\/p>\n\t\t\t\t\t\t<\/div>\n\t\t\t\t<\/div>\n\t\t\t\t<div class=\"elementor-element elementor-element-a67dbe8 elementor-widget elementor-widget-heading\" data-id=\"a67dbe8\" data-element_type=\"widget\" data-widget_type=\"heading.default\">\n\t\t\t\t<div class=\"elementor-widget-container\">\n\t\t\t<h2 class=\"elementor-heading-title elementor-size-default\">Comunicacions comercials per via electr\u00f2nica<\/h2>\t\t<\/div>\n\t\t\t\t<\/div>\n\t\t\t\t<div class=\"elementor-element elementor-element-2d856d9 elementor-widget elementor-widget-text-editor\" data-id=\"2d856d9\" data-element_type=\"widget\" data-widget_type=\"text-editor.default\">\n\t\t\t\t<div class=\"elementor-widget-container\">\n\t\t\t\t\t\t\t<p>La informaci\u00f3 facilitada en el moment de creaci\u00f3 del vostre compte d&#8217;usuari registrat podr\u00e0 ser utilitzada per ManelScooter per enviar-li el nostre butllet\u00ed de not\u00edcies, aix\u00ed com avisos de productes i altres informacions relatives a ManelScooter, tant per mitjans convencionals com per mitjans electr\u00f2nics, com ara correu electr\u00f2nic o tel\u00e8fon m\u00f2bil, tot aix\u00f2 sempre que sol\u00b7liciteu o autoritzeu expressament com a usuari l&#8217;enviament d&#8217;aquestes comunicacions.<\/p>\n<p>Si no voleu rebre aquest tipus de comunicacions, en el moment de creaci\u00f3 del vostre compte de usuari registrat pot triar no rebre comunicacions futures de la nostra part desmarcant lopci\u00f3 corresponent a trav\u00e9s del formulari de registre. A m\u00e9s, a trav\u00e9s del vostre compte d&#8217;usuari registrat podreu donar-vos d&#8217;alta o baixa sempre que ho desitgeu en relaci\u00f3 a la recepci\u00f3 d&#8217;aquestes comunicacions, aix\u00ed com actualitzar l&#8217;adre\u00e7a d&#8217;enviament, podent tamb\u00e9 sol\u00b7licitar la baixa autom\u00e0tica a trav\u00e9s de qualsevol comunicaci\u00f3 que rebeu .<\/p>\n\t\t\t\t\t\t<\/div>\n\t\t\t\t<\/div>\n\t\t\t\t<div class=\"elementor-element elementor-element-8ae2f66 elementor-widget elementor-widget-heading\" data-id=\"8ae2f66\" data-element_type=\"widget\" data-widget_type=\"heading.default\">\n\t\t\t\t<div class=\"elementor-widget-container\">\n\t\t\t<h2 class=\"elementor-heading-title elementor-size-default\">Exercici de drets<\/h2>\t\t<\/div>\n\t\t\t\t<\/div>\n\t\t\t\t<div class=\"elementor-element elementor-element-a206939 elementor-widget elementor-widget-text-editor\" data-id=\"a206939\" data-element_type=\"widget\" data-widget_type=\"text-editor.default\">\n\t\t\t\t<div class=\"elementor-widget-container\">\n\t\t\t\t\t\t\t<p>Us informem com a usuari que us assisteix la possibilitat d&#8217;exercir els drets d&#8217;acc\u00e9s, rectificaci\u00f3, cancel\u00b7laci\u00f3 i oposici\u00f3 en relaci\u00f3 a les vostres dades personals, podent exercitar aquests drets adjuntant una c\u00f2pia d&#8217;algun document oficial que ens permeti comprovar degudament la vostra identitat, com ara el vostre carnet d&#8217;identitat, passaport o carnet de conduir, per a la qual cosa ens haureu d&#8217;escriure a l&#8217;adre\u00e7a Carrer Infanta, 40, CP 07702, Mah\u00f3 (Menorca) oa l&#8217;adre\u00e7a de correu electr\u00f2nic <a href=\"mailto:info@manelscooter. com\"><strong>info@manelscooter.com<\/strong><\/a>.<\/p>\n<p>No obstant, si teniu un compte com a usuari registrat a trav\u00e9s del lloc web, podreu exercir els drets que us assisteixen directament a trav\u00e9s d&#8217;aquesta, per a la qual cosa cal que accediu al vostre compte d&#8217;usuari amb el vostre login i password, actualitzant totes les dades que desitgeu, podent donar-vos d&#8217;alta o baixa per rebre els nostres avisos de productes.<\/p>\n\t\t\t\t\t\t<\/div>\n\t\t\t\t<\/div>\n\t\t\t\t<div class=\"elementor-element elementor-element-2de4a75 elementor-widget elementor-widget-heading\" data-id=\"2de4a75\" data-element_type=\"widget\" data-widget_type=\"heading.default\">\n\t\t\t\t<div class=\"elementor-widget-container\">\n\t\t\t<h2 class=\"elementor-heading-title elementor-size-default\">Comunicaci\u00f3 a tercers d'informaci\u00f3 facilitada per l'usuari<\/h2>\t\t<\/div>\n\t\t\t\t<\/div>\n\t\t\t\t<div class=\"elementor-element elementor-element-0a3d512 elementor-widget elementor-widget-text-editor\" data-id=\"0a3d512\" data-element_type=\"widget\" data-widget_type=\"text-editor.default\">\n\t\t\t\t<div class=\"elementor-widget-container\">\n\t\t\t\t\t\t\t<p>ManelScooter no facilitar\u00e0, comunicar\u00e0 o cedir\u00e0 a tercers ni les dades personals ni cap altra informaci\u00f3 facilitada sense el seu consentiment previ i expr\u00e9s com a usuari, amb l&#8217;\u00fanica excepci\u00f3 de sup\u00f2sits en qu\u00e8 resulti estrictament necessari per possibilitar la prestaci\u00f3 del servei, com ara serveis d&#8217;allotjament web, subscrivint en tot cas un acord legal que garanteixi el respecte de la present pol\u00edtica de privadesa, aix\u00ed com de la resta de les obligacions contingudes a la normativa vigent aplicable per part dels tercers als quals es facilitin o comuniquin dades personals . ManelScooter est\u00e0 format per un grup empresarial que cedir\u00e0 les dades amb la finalitat de realitzar la seva comanda i entrega.<\/p>\n\t\t\t\t\t\t<\/div>\n\t\t\t\t<\/div>\n\t\t\t\t<div class=\"elementor-element elementor-element-f1b6e5d elementor-widget elementor-widget-heading\" data-id=\"f1b6e5d\" data-element_type=\"widget\" data-widget_type=\"heading.default\">\n\t\t\t\t<div class=\"elementor-widget-container\">\n\t\t\t<h2 class=\"elementor-heading-title elementor-size-default\">\u00das de galetes<\/h2>\t\t<\/div>\n\t\t\t\t<\/div>\n\t\t\t\t<div class=\"elementor-element elementor-element-74cde51 elementor-widget elementor-widget-text-editor\" data-id=\"74cde51\" data-element_type=\"widget\" data-widget_type=\"text-editor.default\">\n\t\t\t\t<div class=\"elementor-widget-container\">\n\t\t\t\t\t\t\t<p>Aquest lloc web utilitza cookies que permeten a ManelScooter fer un seguiment \u00fanicament en el cas que decideixi registrar-se com a usuari mitjan\u00e7ant la creaci\u00f3 d&#8217;un compte, cosa que permet con\u00e8ixer les prefer\u00e8ncies de navegaci\u00f3 durant la sessi\u00f3 d&#8217;usuari.<\/p>\n<p>No es tracta de cookies invasives o nocives, per la qual cosa no afectar\u00e0 gens el rendiment de l&#8217;equip de l&#8217;usuari. No obstant aix\u00f2, perqu\u00e8 les cookies funcionin \u00e9s necessari que quedi emmagatzemada temporalment al disc dur de l&#8217;equip que utilitzeu per accedir al lloc web, per la qual cosa podreu rebutjar les cookies en funci\u00f3 de l&#8217;opci\u00f3 seleccionada al vostre navegador d&#8217;internet, el qual us podr\u00e0 avisar de la pres\u00e8ncia d&#8217;aquestes galetes o les rebutg\u00e9s autom\u00e0ticament. En cas que les galetes siguin acceptades per l&#8217;equip, aquestes nom\u00e9s es guardaran al disc dur de l&#8217;equip de forma temporal, mentre duri la sessi\u00f3 d&#8217;usuari.<\/p>\n\t\t\t\t\t\t<\/div>\n\t\t\t\t<\/div>\n\t\t\t\t<div class=\"elementor-element elementor-element-f735e2e elementor-widget elementor-widget-heading\" data-id=\"f735e2e\" data-element_type=\"widget\" data-widget_type=\"heading.default\">\n\t\t\t\t<div class=\"elementor-widget-container\">\n\t\t\t<h2 class=\"elementor-heading-title elementor-size-default\">Enlla\u00e7os d'hipertext a llocs web de tercers<\/h2>\t\t<\/div>\n\t\t\t\t<\/div>\n\t\t\t\t<div class=\"elementor-element elementor-element-8709272 elementor-widget elementor-widget-text-editor\" data-id=\"8709272\" data-element_type=\"widget\" data-widget_type=\"text-editor.default\">\n\t\t\t\t<div class=\"elementor-widget-container\">\n\t\t\t\t\t\t\t<p>L&#8217;informem que no som responsables de la pol\u00edtica de privadesa o tractament de dades per part de tercers. Aquesta pol\u00edtica de privadesa s&#8217;aplica exclusivament a la informaci\u00f3 i dades personals que recopilem des de ManelScooter a trav\u00e9s del nostre lloc web, per la qual cosa us recomanem que llegiu sempre la pol\u00edtica de privadesa i tractament de dades d&#8217;aquells llocs web als quals accediu a mitjan\u00e7ant enlla\u00e7os disponibles des del nostre lloc web, o que visiteu indirectament de qualsevol altra manera.<\/p>\n\t\t\t\t\t\t<\/div>\n\t\t\t\t<\/div>\n\t\t\t\t<div class=\"elementor-element elementor-element-6c82d2c elementor-widget elementor-widget-spacer\" data-id=\"6c82d2c\" data-element_type=\"widget\" data-widget_type=\"spacer.default\">\n\t\t\t\t<div class=\"elementor-widget-container\">\n\t\t\t<style>\/*! elementor - v3.19.0 - 05-02-2024 *\/\n.elementor-column .elementor-spacer-inner{height:var(--spacer-size)}.e-con{--container-widget-width:100%}.e-con-inner>.elementor-widget-spacer,.e-con>.elementor-widget-spacer{width:var(--container-widget-width,var(--spacer-size));--align-self:var(--container-widget-align-self,initial);--flex-shrink:0}.e-con-inner>.elementor-widget-spacer>.elementor-widget-container,.e-con>.elementor-widget-spacer>.elementor-widget-container{height:100%;width:100%}.e-con-inner>.elementor-widget-spacer>.elementor-widget-container>.elementor-spacer,.e-con>.elementor-widget-spacer>.elementor-widget-container>.elementor-spacer{height:100%}.e-con-inner>.elementor-widget-spacer>.elementor-widget-container>.elementor-spacer>.elementor-spacer-inner,.e-con>.elementor-widget-spacer>.elementor-widget-container>.elementor-spacer>.elementor-spacer-inner{height:var(--container-widget-height,var(--spacer-size))}.e-con-inner>.elementor-widget-spacer.elementor-widget-empty,.e-con>.elementor-widget-spacer.elementor-widget-empty{position:relative;min-height:22px;min-width:22px}.e-con-inner>.elementor-widget-spacer.elementor-widget-empty .elementor-widget-empty-icon,.e-con>.elementor-widget-spacer.elementor-widget-empty .elementor-widget-empty-icon{position:absolute;top:0;bottom:0;left:0;right:0;margin:auto;padding:0;width:22px;height:22px}<\/style>\t\t<div class=\"elementor-spacer\">\n\t\t\t<div class=\"elementor-spacer-inner\"><\/div>\n\t\t<\/div>\n\t\t\t\t<\/div>\n\t\t\t\t<\/div>\n\t\t\t\t\t<\/div>\n\t\t<\/div>\n\t\t\t\t\t<\/div>\n\t\t<\/section>\n\t\t\t\t<\/div>\n\t\t","protected":false},"excerpt":{"rendered":"<p>Pol\u00edtica de privadesa Informaci\u00f3 general i dades de contacte Li donem la benvinguda a manelscooter.com,&hellip;<\/p>\n","protected":false},"author":1,"featured_media":0,"parent":0,"menu_order":7,"comment_status":"closed","ping_status":"closed","template":"elementor_header_footer","meta":{"footnotes":""},"class_list":["post-5818","page","type-page","status-publish","hentry"],"_links":{"self":[{"href":"https:\/\/manelscooter.com\/ca\/wp-json\/wp\/v2\/pages\/5818","targetHints":{"allow":["GET"]}}],"collection":[{"href":"https:\/\/manelscooter.com\/ca\/wp-json\/wp\/v2\/pages"}],"about":[{"href":"https:\/\/manelscooter.com\/ca\/wp-json\/wp\/v2\/types\/page"}],"author":[{"embeddable":true,"href":"https:\/\/manelscooter.com\/ca\/wp-json\/wp\/v2\/users\/1"}],"replies":[{"embeddable":true,"href":"https:\/\/manelscooter.com\/ca\/wp-json\/wp\/v2\/comments?post=5818"}],"version-history":[{"count":0,"href":"https:\/\/manelscooter.com\/ca\/wp-json\/wp\/v2\/pages\/5818\/revisions"}],"wp:attachment":[{"href":"https:\/\/manelscooter.com\/ca\/wp-json\/wp\/v2\/media?parent=5818"}],"curies":[{"name":"wp","href":"https:\/\/api.w.org\/{rel}","templated":true}]}}