{"id":10642,"date":"2025-03-24T23:09:04","date_gmt":"2025-03-24T23:09:04","guid":{"rendered":"https:\/\/manelscooter.com\/tienda\/bicicleta-electrica-fiido-c11-pro\/"},"modified":"2025-04-02T15:37:56","modified_gmt":"2025-04-02T15:37:56","slug":"bicicleta-electrica-fiido-c11","status":"publish","type":"product","link":"https:\/\/manelscooter.com\/ca\/botiga\/bicicleta-electrica-fiido-c11\/","title":{"rendered":"Fiido C11 Bicicleta Electrica Lleugera Urbana Per a La Ciutat"},"content":{"rendered":"<pre id=\"tw-target-text\" class=\"tw-data-text tw-text-large tw-ta\" dir=\"ltr\" data-placeholder=\"Traducci\u00f3n\" data-ved=\"2ahUKEwjew66UsbmMAxXvRPEDHVQVA74Q3ewLegQICBAV\" aria-label=\"Texto traducido: Fiido C11 Pro \u00e9s una millora del Fiido C11, alguns ciclistes van expressar el desig d'un sensor de pedal m\u00e9s sensible i va n\u00e9ixer el Fiido C11 Pro.\r\n\r\nBateria extra\u00efble de gran capacitat de 499,2 WH\r\n\r\nRendiment\r\n\r\nAutonomia:\u00a0Fins a 90 km\r\nBateria:\u00a0499,2 Wh\r\nVelocitats:\u00a07\r\nPneum\u00e0tics:\u00a0700c\r\nSuspensi\u00f3:\u00a0Forquilla davantera amortidora\r\nC\u00e0rrega \u00fatil:\u00a0120 kg\r\nFrens:\u00a0Frens hidr\u00e0ulics de disc\r\n\r\nFuncions f\u00e0cils d'usar\r\n\r\nBateria:\u00a0Extra\u00efble\r\nAccessoris:\u00a0Portaequipatges del darrere incl\u00f2s, cistella davantera opcional\r\nImpermeabilitat: IP54\r\n\r\nAjust per a ciclistes\r\n\r\nAl\u00e7ada:\u00a0155 cm - 195 cm\r\nSeient i manillar:\u00a0Ajustables\"><span class=\"Y2IQFc\" lang=\"ca\">Fiido C11 Pro \u00e9s una millora del Fiido C11, alguns ciclistes van expressar el desig d'un sensor de pedal m\u00e9s sensible i va n\u00e9ixer el Fiido C11 Pro.\r\n\r\nBateria extra\u00efble de gran capacitat de 499,2 WH\r\n\r\nRendiment\r\n\r\nAutonomia:\u00a0Fins a 90 km\r\nBateria:\u00a0499,2 Wh\r\nVelocitats:\u00a07\r\nPneum\u00e0tics:\u00a0700c\r\nSuspensi\u00f3:\u00a0Forquilla davantera amortidora\r\nC\u00e0rrega \u00fatil:\u00a0120 kg\r\nFrens:\u00a0Frens hidr\u00e0ulics de disc\r\n\r\nFuncions f\u00e0cils d'usar\r\n\r\nBateria:\u00a0Extra\u00efble\r\nAccessoris:\u00a0Portaequipatges del darrere incl\u00f2s, cistella davantera opcional\r\nImpermeabilitat: IP54\r\n\r\nAjust per a ciclistes\r\n\r\nAl\u00e7ada:\u00a0155 cm - 195 cm\r\nSeient i manillar:\u00a0Ajustables<\/span><\/pre>\n","protected":false},"excerpt":{"rendered":"<p>La Fiido C11 \u00e9s una versi\u00f3 millorada de la Fiido D4S, que va ser elogiada pel seu alt rendiment i estabilitat. Tot i aix\u00f2, els clients consideraven que la bateria no extra\u00efble i la manca de frens de disc hidr\u00e0ulics eren aspectes que necessitaven millores. En recon\u00e8ixer que aquestes millores elevarien l&#8217;experi\u00e8ncia de conducci\u00f3, integrem els suggeriments dels clients amb les nostres innovacions per crear la Fiido C11, una bicicleta el\u00e8ctrica de ciutat superior per al despla\u00e7ament urb\u00e0.<\/p>\n","protected":false},"featured_media":10606,"comment_status":"open","ping_status":"closed","template":"","meta":[],"product_cat":[535,562],"product_tag":[],"class_list":{"0":"post-10642","1":"product","2":"type-product","3":"status-publish","4":"has-post-thumbnail","6":"product_cat-bicicletes-electriques","7":"product_cat-fiido-ca","9":"first","10":"instock","11":"shipping-taxable","12":"product-type-simple"},"_links":{"self":[{"href":"https:\/\/manelscooter.com\/ca\/wp-json\/wp\/v2\/product\/10642","targetHints":{"allow":["GET"]}}],"collection":[{"href":"https:\/\/manelscooter.com\/ca\/wp-json\/wp\/v2\/product"}],"about":[{"href":"https:\/\/manelscooter.com\/ca\/wp-json\/wp\/v2\/types\/product"}],"replies":[{"embeddable":true,"href":"https:\/\/manelscooter.com\/ca\/wp-json\/wp\/v2\/comments?post=10642"}],"wp:featuredmedia":[{"embeddable":true,"href":"https:\/\/manelscooter.com\/ca\/wp-json\/wp\/v2\/media\/10606"}],"wp:attachment":[{"href":"https:\/\/manelscooter.com\/ca\/wp-json\/wp\/v2\/media?parent=10642"}],"wp:term":[{"taxonomy":"product_cat","embeddable":true,"href":"https:\/\/manelscooter.com\/ca\/wp-json\/wp\/v2\/product_cat?post=10642"},{"taxonomy":"product_tag","embeddable":true,"href":"https:\/\/manelscooter.com\/ca\/wp-json\/wp\/v2\/product_tag?post=10642"}],"curies":[{"name":"wp","href":"https:\/\/api.w.org\/{rel}","templated":true}]}}